



{"id":2,"date":"2017-10-30T20:07:03","date_gmt":"2017-10-30T19:07:03","guid":{"rendered":"http:\/\/212.83.56.169\/?page_id=2"},"modified":"2020-03-12T19:47:36","modified_gmt":"2020-03-12T18:47:36","slug":"taekwondo","status":"publish","type":"page","link":"https:\/\/tkd.tjay.eu\/","title":{"rendered":"Taekwondo"},"content":{"rendered":"<p>Taekwondo\u00a0\ud0dc\uad8c\ub3c4 ist eine <strong>koreanische, waffenlose Kampfkunst<\/strong>. Das Wort Taekwondo\u00a0\ud0dc\uad8c\ub3c4 setzt sich aus den drei Silben Tae \ud0dc (Fu\u00df), Kwon \uad8c (Faust) und Do \ub3c4 (Weg) zusammen und ergeben in ihrer Gesamtheit den <strong>\u201eWeg des Fu\u00df und Faustkampfes\u201c<\/strong>.<\/p>\n<p>Im Taekwondo\u00a0\ud0dc\uad8c\ub3c4 finden sich jedoch nicht nur sportliche Aspekte, sondern es vereint ebenfalls philosophische Aspekte und eine damit einhergehende <strong>geistige Entwicklung<\/strong>, welche durch die Silbe \u201eDo\u201c betont wird.<\/p>\n<p>Taekwondo\u00a0<span class=\"k\">\ud0dc\uad8c\ub3c4<\/span> wird klassischerweise in <strong>drei Grundpfeiler<\/strong> unterteilt.<\/p>\n\n<table id=\"tablepress-4\" class=\"tablepress tablepress-id-4\">\n<tbody class=\"row-striping\">\n<tr class=\"row-1\">\n\t<td class=\"column-1\">Formen<\/td><td class=\"column-2\">Poomsae<\/td><td class=\"column-3\">\ud488\uc0c8<\/td>\n<\/tr>\n<tr class=\"row-2\">\n\t<td class=\"column-1\">Kampf \/ Freikampf<\/td><td class=\"column-2\">Gyorugi \/ Chayu taeryon<\/td><td class=\"column-3\">\uaca8\ub8e8\uae30 \/ \uc790\uc720\ub300\ub828<\/td>\n<\/tr>\n<tr class=\"row-3\">\n\t<td class=\"column-1\">Bruchtest<\/td><td class=\"column-2\">Kyeokpa<\/td><td class=\"column-3\">\ucf1d\ud30c<\/td>\n<\/tr>\n<\/tbody>\n<\/table>\n<!-- #tablepress-4 from cache -->\n<p>Gepr\u00e4gt wurde diese Kampfkunst haupts\u00e4chlich vom koreanischen <strong>General Choi, Hong-Hi<\/strong> , welcher in der Zeit der japanischen Besatzung vor 1945 Karate in Japan gelernt hat. Dieser definierte gegen <strong>1955 den Begriff \u201eTaekwon-Do\u201c<\/strong> und gr\u00fcndete am 22. M\u00e4rz 1966 in Seoul die International Taekwon-Do Federation (ITF).<\/p>\n<p>Man beachte dabei die sorgf\u00e4ltig ausgew\u00e4hlte Schreibweise des Wortes. Die Silbe Tae \ud0dc\u00a0wurde an erster Stelle positioniert. Dies soll vor allem die Beinlastigkeit dieser Kampfkunst betonen, denn ein Gro\u00dfteil aller Techniken sind Beintechniken. Besonders deutlich wird dies immer wieder auf Veranstaltungen wie den Olympischen Spielen oder den Weltmeisterschaften, wo man w\u00e4hrend eines Kampfes nahezu keinerlei Arm- \/ Handtechniken sieht. Auch spiegelt sich hier &#8211; nicht unabsichtlich &#8211; eine semantische \u00c4hnlichkeit zum Begriff Taekyon wieder. Bei Taekyon handelt es sich um eine alte koreanische Kampfkunst mit dem Schwerpunkt auf Fu\u00dftechniken<i>.<\/i><\/p>\n<p>Die Silbe Do \ub3c4 wird durch einen Trennstrich von den physisch ausgef\u00fchrten Techniken getrennt und soll wie bereits erw\u00e4hnt eher f\u00fcr eine geistige, als denn eine k\u00f6rperliche Entwicklung des Taekwondoin stehen.<\/p>\n","protected":false},"excerpt":{"rendered":"<p>Taekwondo\u00a0\ud0dc\uad8c\ub3c4 ist eine koreanische, waffenlose Kampfkunst. Das Wort Taekwondo\u00a0\ud0dc\uad8c\ub3c4 setzt sich aus den drei Silben Tae \ud0dc (Fu\u00df), Kwon \uad8c<\/p>\n","protected":false},"author":1,"featured_media":0,"parent":0,"menu_order":2,"comment_status":"closed","ping_status":"closed","template":"","meta":{"footnotes":""},"class_list":["post-2","page","type-page","status-publish","hentry"],"_links":{"self":[{"href":"https:\/\/tkd.tjay.eu\/wp-json\/wp\/v2\/pages\/2","targetHints":{"allow":["GET"]}}],"collection":[{"href":"https:\/\/tkd.tjay.eu\/wp-json\/wp\/v2\/pages"}],"about":[{"href":"https:\/\/tkd.tjay.eu\/wp-json\/wp\/v2\/types\/page"}],"author":[{"embeddable":true,"href":"https:\/\/tkd.tjay.eu\/wp-json\/wp\/v2\/users\/1"}],"replies":[{"embeddable":true,"href":"https:\/\/tkd.tjay.eu\/wp-json\/wp\/v2\/comments?post=2"}],"version-history":[{"count":40,"href":"https:\/\/tkd.tjay.eu\/wp-json\/wp\/v2\/pages\/2\/revisions"}],"predecessor-version":[{"id":2134,"href":"https:\/\/tkd.tjay.eu\/wp-json\/wp\/v2\/pages\/2\/revisions\/2134"}],"wp:attachment":[{"href":"https:\/\/tkd.tjay.eu\/wp-json\/wp\/v2\/media?parent=2"}],"curies":[{"name":"wp","href":"https:\/\/api.w.org\/{rel}","templated":true}]}}